{"id":5550,"date":"2023-11-10T19:35:29","date_gmt":"2023-11-10T18:35:29","guid":{"rendered":"http:\/\/localhost\/proggetti\/sito%20gv\/?page_id=5550"},"modified":"2023-11-10T19:37:00","modified_gmt":"2023-11-10T18:37:00","slug":"termini-e-condizioni","status":"publish","type":"page","link":"https:\/\/www.golaevanita.it\/index.php\/termini-e-condizioni\/","title":{"rendered":"termini e condizioni"},"content":{"rendered":"\t\t<div data-elementor-type=\"wp-page\" data-elementor-id=\"5550\" class=\"elementor elementor-5550\">\n\t\t\t\t<div class=\"elementor-element elementor-element-1243bf1 e-flex e-con-boxed e-con e-parent\" data-id=\"1243bf1\" data-element_type=\"container\" data-e-type=\"container\">\n\t\t\t\t\t<div class=\"e-con-inner\">\n\t\t\t\t<div class=\"elementor-element elementor-element-c84ba67 elementor-widget elementor-widget-text-editor\" data-id=\"c84ba67\" data-element_type=\"widget\" data-e-type=\"widget\" data-widget_type=\"text-editor.default\">\n\t\t\t\t<div class=\"elementor-widget-container\">\n\t\t\t\t\t\t\t\t\t<p>Evolution s.r.l. \u00e8 proprietaria del sito \u201cGolaevanita.it\u201d (compreso eventuali domino di secondo e terzo livello), di tutto il suo contenuto ( immagini, caratteri, fotografie, format scripts, softwear, figure, documenti), e di tutti gli altri contenuti del sito.\u2028\u2028Il materiale contenuto nel sito \u201cGolaevanita.it\u201d \u00e8 protetto da copyright. E\u2019 vietata qualsiasi forma di copia, trasmissione, alterazione e ridistribuzione a terzi per scopi commerciali se non previa richiesta scritta di consenso a Golaevanita.it; cos\u00ec come \u00e8 proibito l\u2019uso dei marchi presenti sul sito (marchi famosi e noti al pubblico ed agli utenti) in maniera non conforme alla legge. Tale uso improprio (per trarre vantaggi dalla rinomanza e celebrit\u00e0 di tali marchi o in modo da recare loro pregiudizio) comporta conseguenze legali gravi.<br>CONDIZIONI GENERALI D&#8217;USO<br>L\u2019accesso e l\u2019utilizzo del sito sono regolate dalle \u201cCondizioni generali d\u2019Uso\u201d in cui l\u2019utente accetter\u00e0 e concorder\u00e0 espressamente di attenersi a rispettare tutte le norme contenute, regolate dalla legge italiana e assoggettate alla competenza del Foro di Padova. Se l\u2019utente intende non accettare tali regole si prega di non utilizzare tale sito. Evolution s.r.l. non garantisce che il suo sito sia privo di virus da computer o altri componenti che si possano rivelare dannosi. Evolution s.r.l. non si assume alcuna responsabilit\u00e0 circa l\u2019aggiornamento e la correttezza di qualsiasi contenuto pubblicato. Ci\u00f2 nonostante Evolution s.r.l si impegna a controllare periodicamente che i contenuti del proprio sito siano sempre accurati e corretti. Evolution s.r.l. potr\u00e0 cambiare, aggiornare ed integrare le presenti condizioni in qualsiasi momento senza darne alcun preavviso. L\u2019utente \u00e8 tenuto periodicamente a controllare questa pagina per verificare l\u2019eventuale aggiornamento di condizioni.<br>CONDIZIONI DI VENDITA<br>Evolution s.r.l. in questo sito offre la possibilit\u00e0 di acquistare merce disponibile in negozio, pertanto l\u2019ordine che contenga un articolo resosi nel frattempo non pi\u00f9 disponibile (anche se per errore), \u00e8 da ritenersi nullo. L\u2019articolo acquistato dovr\u00e0 essere pagato contestualmente alla chiusura della transazione di acquisto tramite:<br>\u2022 CARTA DI CREDITO<br>\u2022 BONIFICO BANCARIO<br>\u2022 PAYPAL<br>Naturalmente acquistando tramite il sito \u201cGolaevanita.it\u201d le informazioni finanziarie quali il numero di carta di credito, la data di scadenza, e i dati personali saranno noti solo a BANCA BPM, e mai in nessun caso Evolution s.r.l. avr\u00e0 mai accesso a tali dati. Evolution s.r.l. declina ogni responsabilit\u00e0 nel caso in cui, a causa di una configurazione del proprio computer, le fotografie, le caratteristiche ed i colori dei prodotti presentino leggere differenze rispetto a quelle originali. Per effettuare un acquisto sul nostro sito \u00e8 necessario:1) avere compiuto 18 anni, 2) avere i requisiti per stipulare legalmente contratti vincolanti ed essere in grado di stipularli3) avere un indirizzo e-mail valido, 4) essere titolari di una carta di credito tra quelle accettate dalla nostra banca ed esposte nella pagina di pagamento, essere titolari di un conto corrente bancario per disporre di un bonifico bancario, essere titolare di un conto PAYPAL verificato.La ricezione dell\u2019ordine mediante invio telematico, determiner\u00e0 la conclusione del contratto. Di seguito Evolution s.r.l. si impegner\u00e0 a fornire al cliente la merce ai termini ed alle condizioni previste nelle \u201cCondizioni di Vendita\u201d. Il cliente, con l\u2019invio dell\u2019ordine, accetta senza condizioni e si obbliga ad osservare nei confronti di Evolution s.r.l.i; tutte le disposizioni contenute nelle \u201ccondizioni di Vendita\u201d. L\u2019inoltro dell\u2019ordine quindi sottintende l\u2019integrale conoscenza ed accettazione delle condizioni di vendita, nonch\u00e9 delle ulteriori informazioni contenute nelle pagine web del sito qui richiamate e\/o collegate tramite link. L\u2019importo dell\u2019ordine sar\u00e0 addebitato sulla carta di credito del cliente nel momento dell\u2019accettazione dell\u2019ordine.Per tutto quanto non espressamente disciplinato dalle presenti condizioni di vendita si rinvia alle disposizioni di cui al D.Lgs n.185 del 22\/05\/99 ed alla disciplina applicabile al Codice Civile.<br>Cliccando su &#8220;Accetto&#8221; l&#8217;utente dichiara di avere la maggiore et\u00e0 prevista nel suo paese per il consumo di alcolici.<br>Non si effettuano esportazioni o cessioni comunitarie, si effettuano spedizioni all&#8217;estero con destinatario finale soggetto privato (business to consumer) , no business to business.<br>MODALIT\u00c0 DI SPEDIZIONE<br>Appena il pagamento sar\u00e0 autorizzato (in caso di pagamento con Carta di Credito) o appena l\u2019importo del bonifico sar\u00e0 materialmente accreditato sul nostro conto corrente presso la nostra banca (in caso di pagamento a mezzo bonifico bancario) e gli articoli saranno disponibili, gli ordini saranno evasi nel pi\u00f9 breve tempo possibile.<br>E&#8217; possibile verificare i costi di spedizione una volta caricato il carrello, i costi variano in base al numero di prodotti acquistati. \u2028\u2028Resta a carico del Cliente qualsiasi tassa locale, di importazioni e\/o sdoganamento.<br>NON SPEDIAMO LIQUIDI NELLE REGIONI EXTRA CEE.<br>DIRITTO DI RECESSO<br>Il cliente pu\u00f2 esercitare il diritto di recesso entro 14 giorni dalla data di ricevimento dei beni tramite raccomandata con ricevuta di ritorno in cui manifesta tale diritto. E&#8217; possibile mandare comunicazione di recesso anche via mail al seguente indirizzo info@golaevanita.it che dovr\u00e0 per\u00f2 essere confermato entro 48 ore dall&#8217;invio della raccomandata.<br>Il diritto di recesso \u00e8 invece escluso per l&#8217;acquisto di beni confezionati su misura o personalizzati secondo le specifiche richieste del cliente o che, per loro natura, non possono essere rispediti o rischiano di deteriorarsi o alterarsi rapidamente.<br>Il diritto di recesso decade, anche nel caso della mancanza della confezione originale, dell&#8217;assenza di elementi integranti del prodotto o nel caso del suo danneggiamento.<br>La spese per la riconsegna della merce saranno a carico del cliente, il rimborso dell&#8217;ordine avverr\u00e0 entro 30 giorni dal ricevimento della merce mediante lo stesso metodo di pagamento utilizzato dal cliente in fase di completamento d&#8217;ordine<br><\/p>\t\t\t\t\t\t\t\t<\/div>\n\t\t\t\t<\/div>\n\t\t\t\t\t<\/div>\n\t\t\t\t<\/div>\n\t\t\t\t<\/div>\n\t\t","protected":false},"excerpt":{"rendered":"<p>Evolution s.r.l. \u00e8 proprietaria del sito \u201cGolaevanita.it\u201d (compreso eventuali domino di secondo e terzo livello), di tutto il suo contenuto ( immagini, caratteri, fotografie, format scripts, softwear, figure, documenti), e di tutti gli altri contenuti del sito.\u2028\u2028Il materiale contenuto nel sito \u201cGolaevanita.it\u201d \u00e8 protetto da copyright. E\u2019 vietata qualsiasi forma di copia, trasmissione, alterazione e [&hellip;]<\/p>\n","protected":false},"author":2,"featured_media":0,"parent":0,"menu_order":0,"comment_status":"closed","ping_status":"closed","template":"","meta":{"site-sidebar-layout":"no-sidebar","site-content-layout":"page-builder","ast-site-content-layout":"full-width-container","site-content-style":"default","site-sidebar-style":"default","ast-global-header-display":"","ast-banner-title-visibility":"","ast-main-header-display":"","ast-hfb-above-header-display":"","ast-hfb-below-header-display":"","ast-hfb-mobile-header-display":"","site-post-title":"disabled","ast-breadcrumbs-content":"","ast-featured-img":"disabled","footer-sml-layout":"","theme-transparent-header-meta":"","adv-header-id-meta":"","stick-header-meta":"","header-above-stick-meta":"","header-main-stick-meta":"","header-below-stick-meta":"","astra-migrate-meta-layouts":"set","ast-page-background-enabled":"default","ast-page-background-meta":{"desktop":{"background-color":"","background-image":"","background-repeat":"repeat","background-position":"center center","background-size":"auto","background-attachment":"scroll","background-type":"","background-media":"","overlay-type":"","overlay-color":"","overlay-opacity":"","overlay-gradient":""},"tablet":{"background-color":"","background-image":"","background-repeat":"repeat","background-position":"center center","background-size":"auto","background-attachment":"scroll","background-type":"","background-media":"","overlay-type":"","overlay-color":"","overlay-opacity":"","overlay-gradient":""},"mobile":{"background-color":"","background-image":"","background-repeat":"repeat","background-position":"center center","background-size":"auto","background-attachment":"scroll","background-type":"","background-media":"","overlay-type":"","overlay-color":"","overlay-opacity":"","overlay-gradient":""}},"ast-content-background-meta":{"desktop":{"background-color":"var(--ast-global-color-5)","background-image":"","background-repeat":"repeat","background-position":"center center","background-size":"auto","background-attachment":"scroll","background-type":"","background-media":"","overlay-type":"","overlay-color":"","overlay-opacity":"","overlay-gradient":""},"tablet":{"background-color":"var(--ast-global-color-5)","background-image":"","background-repeat":"repeat","background-position":"center center","background-size":"auto","background-attachment":"scroll","background-type":"","background-media":"","overlay-type":"","overlay-color":"","overlay-opacity":"","overlay-gradient":""},"mobile":{"background-color":"var(--ast-global-color-5)","background-image":"","background-repeat":"repeat","background-position":"center center","background-size":"auto","background-attachment":"scroll","background-type":"","background-media":"","overlay-type":"","overlay-color":"","overlay-opacity":"","overlay-gradient":""}},"footnotes":""},"class_list":["post-5550","page","type-page","status-publish","hentry"],"jetpack_sharing_enabled":true,"_links":{"self":[{"href":"https:\/\/www.golaevanita.it\/index.php\/wp-json\/wp\/v2\/pages\/5550","targetHints":{"allow":["GET"]}}],"collection":[{"href":"https:\/\/www.golaevanita.it\/index.php\/wp-json\/wp\/v2\/pages"}],"about":[{"href":"https:\/\/www.golaevanita.it\/index.php\/wp-json\/wp\/v2\/types\/page"}],"author":[{"embeddable":true,"href":"https:\/\/www.golaevanita.it\/index.php\/wp-json\/wp\/v2\/users\/2"}],"replies":[{"embeddable":true,"href":"https:\/\/www.golaevanita.it\/index.php\/wp-json\/wp\/v2\/comments?post=5550"}],"version-history":[{"count":4,"href":"https:\/\/www.golaevanita.it\/index.php\/wp-json\/wp\/v2\/pages\/5550\/revisions"}],"predecessor-version":[{"id":5554,"href":"https:\/\/www.golaevanita.it\/index.php\/wp-json\/wp\/v2\/pages\/5550\/revisions\/5554"}],"wp:attachment":[{"href":"https:\/\/www.golaevanita.it\/index.php\/wp-json\/wp\/v2\/media?parent=5550"}],"curies":[{"name":"wp","href":"https:\/\/api.w.org\/{rel}","templated":true}]}}