{"id":96,"date":"2018-06-18T06:57:57","date_gmt":"2018-06-18T06:57:57","guid":{"rendered":"http:\/\/localhost\/proggetti\/sito%20gv\/index.php\/about\/"},"modified":"2023-11-14T20:37:49","modified_gmt":"2023-11-14T19:37:49","slug":"about","status":"publish","type":"page","link":"https:\/\/www.golaevanita.it\/index.php\/about\/","title":{"rendered":"Chi Siamo"},"content":{"rendered":"\t\t<div data-elementor-type=\"wp-post\" data-elementor-id=\"96\" class=\"elementor elementor-96\">\n\t\t\t\t\t\t<section class=\"elementor-section elementor-top-section elementor-element elementor-element-7af1913 elementor-section-content-middle elementor-section-boxed elementor-section-height-default elementor-section-height-default\" data-id=\"7af1913\" data-element_type=\"section\" data-e-type=\"section\" data-settings=\"{&quot;background_background&quot;:&quot;classic&quot;}\">\n\t\t\t\t\t\t\t<div class=\"elementor-background-overlay\"><\/div>\n\t\t\t\t\t\t\t<div class=\"elementor-container elementor-column-gap-default\">\n\t\t\t\t\t<div class=\"elementor-column elementor-col-100 elementor-top-column elementor-element elementor-element-6ed6cac\" data-id=\"6ed6cac\" data-element_type=\"column\" data-e-type=\"column\">\n\t\t\t<div class=\"elementor-widget-wrap elementor-element-populated\">\n\t\t\t\t\t\t<div class=\"elementor-element elementor-element-285c924 elementor-widget elementor-widget-heading\" data-id=\"285c924\" data-element_type=\"widget\" data-e-type=\"widget\" data-widget_type=\"heading.default\">\n\t\t\t\t<div class=\"elementor-widget-container\">\n\t\t\t\t\t<h1 class=\"elementor-heading-title elementor-size-default\">Chi siamo<\/h1>\t\t\t\t<\/div>\n\t\t\t\t<\/div>\n\t\t\t\t\t<\/div>\n\t\t<\/div>\n\t\t\t\t\t<\/div>\n\t\t<\/section>\n\t\t<div class=\"elementor-element elementor-element-c3f557f e-flex e-con-boxed e-con e-parent\" data-id=\"c3f557f\" data-element_type=\"container\" data-e-type=\"container\">\n\t\t\t\t\t<div class=\"e-con-inner\">\n\t\t\t\t<div class=\"elementor-element elementor-element-c998771 elementor-widget elementor-widget-heading\" data-id=\"c998771\" data-element_type=\"widget\" data-e-type=\"widget\" data-widget_type=\"heading.default\">\n\t\t\t\t<div class=\"elementor-widget-container\">\n\t\t\t\t\t<h2 class=\"elementor-heading-title elementor-size-default\">GOLA&amp;VANIT\u00c0: UN VIAGGIO DI PASSIONE E GUSTO, ORA A CASA TUA<\/h2>\t\t\t\t<\/div>\n\t\t\t\t<\/div>\n\t\t\t\t<div class=\"elementor-element elementor-element-4d9c206 elementor-drop-cap-yes elementor-drop-cap-view-default elementor-widget elementor-widget-text-editor\" data-id=\"4d9c206\" data-element_type=\"widget\" data-e-type=\"widget\" data-settings=\"{&quot;drop_cap&quot;:&quot;yes&quot;}\" data-widget_type=\"text-editor.default\">\n\t\t\t\t<div class=\"elementor-widget-container\">\n\t\t\t\t\t\t\t\t\t<p>La nostra storia inizia con una passione travolgente che ha trasformato il nostro amore per la cucina in un lavoro ispirato. La stessa passione che ci spinge a fare scelte consapevoli: mangiare in modo sano, scegliere prodotti di qualit\u00e0 e condividere con tutti il piacere di un&#8217;alimentazione attenta. Questa passione \u00e8 il cuore pulsante di Gola&amp;Vanit\u00e0.<\/p><p>Nato con l&#8217;obiettivo di reinterpretare i sapori della cucina italiana, Gola&amp;Vanit\u00e0 parte da una base solida: l&#8217;acquisto di prodotti freschi di stagione e l&#8217;arte sapiente di combinare ingredienti per creare piatti che uniscano sapore e leggerezza. La nostra cucina \u00e8 un viaggio culinario che abbraccia la diversit\u00e0 dei gusti, creando un ambiente conviviale pensato per soddisfare i palati pi\u00f9 vari.<\/p>\n<p>La nostra storia aziendale ha radici nel 2002, l&#8217;anno in cui abbiamo iniziato a esplorare il mondo culinario. Dai primi locali a Padova all&#8217;assaggio, all&#8217;acquisto e allo studio approfondito delle materie prime, ogni passo ha contribuito a plasmare il nostro progetto pi\u00f9 ambizioso: Gola&amp;Vanit\u00e0. Oggi, il nostro marchio \u00e8 un simbolo di &#8220;sano&#8221;, &#8220;buono&#8221; e &#8220;bello&#8221;, concetti che affondano le radici nella passione che condividiamo con i nostri clienti.<\/p>\n<p>Ma la nostra avventura non si ferma al ristorante. Attraverso il nostro e-commerce, portiamo i migliori prodotti direttamente a casa tua. Se desideri vivere l&#8217;esperienza Gola&amp;Vanit\u00e0 nel comfort del tuo spazio, puoi esplorare la nostra selezione online, garantendo la stessa qualit\u00e0 e passione che troveresti nel nostro locale. Siamo entusiasti di estendere il nostro viaggio culinario per rendere ogni tua esperienza gastronomica unica e indimenticabile.<\/p>\t\t\t\t\t\t\t\t<\/div>\n\t\t\t\t<\/div>\n\t\t\t\t\t<\/div>\n\t\t\t\t<\/div>\n\t\t\t\t<section class=\"elementor-section elementor-top-section elementor-element elementor-element-7d33ea6 elementor-section-boxed elementor-section-height-default elementor-section-height-default\" data-id=\"7d33ea6\" data-element_type=\"section\" data-e-type=\"section\">\n\t\t\t\t\t\t<div class=\"elementor-container elementor-column-gap-default\">\n\t\t\t\t\t<div class=\"elementor-column elementor-col-100 elementor-top-column elementor-element elementor-element-827726c\" data-id=\"827726c\" data-element_type=\"column\" data-e-type=\"column\">\n\t\t\t<div class=\"elementor-widget-wrap elementor-element-populated\">\n\t\t\t\t\t\t<div class=\"elementor-element elementor-element-7538bee elementor-position-top elementor-widget elementor-widget-image-box\" data-id=\"7538bee\" data-element_type=\"widget\" data-e-type=\"widget\" data-widget_type=\"image-box.default\">\n\t\t\t\t<div class=\"elementor-widget-container\">\n\t\t\t\t\t<div class=\"elementor-image-box-wrapper\"><figure class=\"elementor-image-box-img\"><img decoding=\"async\" width=\"300\" height=\"90\" src=\"https:\/\/www.golaevanita.it\/wp-content\/uploads\/2023\/11\/ceste-natale-2023.jpg\" class=\"attachment-full size-full wp-image-5549\" alt=\"\" \/><\/figure><\/div>\t\t\t\t<\/div>\n\t\t\t\t<\/div>\n\t\t\t\t<div class=\"elementor-element elementor-element-e235669 elementor-widget elementor-widget-image\" data-id=\"e235669\" data-element_type=\"widget\" data-e-type=\"widget\" data-widget_type=\"image.default\">\n\t\t\t\t<div class=\"elementor-widget-container\">\n\t\t\t\t\t\t\t\t\t\t\t\t\t\t\t<img fetchpriority=\"high\" decoding=\"async\" width=\"768\" height=\"509\" src=\"https:\/\/www.golaevanita.it\/wp-content\/uploads\/2023\/11\/DSC_4751-768x509.jpg\" class=\"attachment-medium_large size-medium_large wp-image-5673\" alt=\"\" srcset=\"https:\/\/www.golaevanita.it\/wp-content\/uploads\/2023\/11\/DSC_4751-768x509.jpg 768w, https:\/\/www.golaevanita.it\/wp-content\/uploads\/2023\/11\/DSC_4751-scaled-400x265.jpg 400w, https:\/\/www.golaevanita.it\/wp-content\/uploads\/2023\/11\/DSC_4751-300x199.jpg 300w, https:\/\/www.golaevanita.it\/wp-content\/uploads\/2023\/11\/DSC_4751-1024x678.jpg 1024w, https:\/\/www.golaevanita.it\/wp-content\/uploads\/2023\/11\/DSC_4751-1536x1017.jpg 1536w, https:\/\/www.golaevanita.it\/wp-content\/uploads\/2023\/11\/DSC_4751-2048x1356.jpg 2048w, https:\/\/www.golaevanita.it\/wp-content\/uploads\/2023\/11\/DSC_4751-scaled.jpg 1920w\" sizes=\"(max-width: 768px) 100vw, 768px\" \/>\t\t\t\t\t\t\t\t\t\t\t\t\t\t\t<\/div>\n\t\t\t\t<\/div>\n\t\t\t\t\t<\/div>\n\t\t<\/div>\n\t\t\t\t\t<\/div>\n\t\t<\/section>\n\t\t\t\t<\/div>\n\t\t","protected":false},"excerpt":{"rendered":"<p>Chi siamo GOLA&#038;VANIT\u00c0: UN VIAGGIO DI PASSIONE E GUSTO, ORA A CASA TUA La nostra storia inizia con una passione travolgente che ha trasformato il nostro amore per la cucina in un lavoro ispirato. La stessa passione che ci spinge a fare scelte consapevoli: mangiare in modo sano, scegliere prodotti di qualit\u00e0 e condividere con [&hellip;]<\/p>\n","protected":false},"author":2,"featured_media":0,"parent":0,"menu_order":0,"comment_status":"closed","ping_status":"closed","template":"","meta":{"site-sidebar-layout":"no-sidebar","site-content-layout":"page-builder","ast-site-content-layout":"full-width-container","site-content-style":"unboxed","site-sidebar-style":"unboxed","ast-global-header-display":"","ast-banner-title-visibility":"","ast-main-header-display":"","ast-hfb-above-header-display":"","ast-hfb-below-header-display":"","ast-hfb-mobile-header-display":"","site-post-title":"disabled","ast-breadcrumbs-content":"","ast-featured-img":"disabled","footer-sml-layout":"","theme-transparent-header-meta":"enabled","adv-header-id-meta":"","stick-header-meta":"","header-above-stick-meta":"","header-main-stick-meta":"","header-below-stick-meta":"","astra-migrate-meta-layouts":"set","ast-page-background-enabled":"default","ast-page-background-meta":{"desktop":{"background-color":"","background-image":"","background-repeat":"repeat","background-position":"center center","background-size":"auto","background-attachment":"scroll","background-type":"","background-media":"","overlay-type":"","overlay-color":"","overlay-opacity":"","overlay-gradient":""},"tablet":{"background-color":"","background-image":"","background-repeat":"repeat","background-position":"center center","background-size":"auto","background-attachment":"scroll","background-type":"","background-media":"","overlay-type":"","overlay-color":"","overlay-opacity":"","overlay-gradient":""},"mobile":{"background-color":"","background-image":"","background-repeat":"repeat","background-position":"center center","background-size":"auto","background-attachment":"scroll","background-type":"","background-media":"","overlay-type":"","overlay-color":"","overlay-opacity":"","overlay-gradient":""}},"ast-content-background-meta":{"desktop":{"background-color":"var(--ast-global-color-5)","background-image":"","background-repeat":"repeat","background-position":"center center","background-size":"auto","background-attachment":"scroll","background-type":"","background-media":"","overlay-type":"","overlay-color":"","overlay-opacity":"","overlay-gradient":""},"tablet":{"background-color":"var(--ast-global-color-5)","background-image":"","background-repeat":"repeat","background-position":"center center","background-size":"auto","background-attachment":"scroll","background-type":"","background-media":"","overlay-type":"","overlay-color":"","overlay-opacity":"","overlay-gradient":""},"mobile":{"background-color":"var(--ast-global-color-5)","background-image":"","background-repeat":"repeat","background-position":"center center","background-size":"auto","background-attachment":"scroll","background-type":"","background-media":"","overlay-type":"","overlay-color":"","overlay-opacity":"","overlay-gradient":""}},"footnotes":""},"class_list":["post-96","page","type-page","status-publish","hentry"],"jetpack_sharing_enabled":true,"_links":{"self":[{"href":"https:\/\/www.golaevanita.it\/index.php\/wp-json\/wp\/v2\/pages\/96","targetHints":{"allow":["GET"]}}],"collection":[{"href":"https:\/\/www.golaevanita.it\/index.php\/wp-json\/wp\/v2\/pages"}],"about":[{"href":"https:\/\/www.golaevanita.it\/index.php\/wp-json\/wp\/v2\/types\/page"}],"author":[{"embeddable":true,"href":"https:\/\/www.golaevanita.it\/index.php\/wp-json\/wp\/v2\/users\/2"}],"replies":[{"embeddable":true,"href":"https:\/\/www.golaevanita.it\/index.php\/wp-json\/wp\/v2\/comments?post=96"}],"version-history":[{"count":35,"href":"https:\/\/www.golaevanita.it\/index.php\/wp-json\/wp\/v2\/pages\/96\/revisions"}],"predecessor-version":[{"id":5723,"href":"https:\/\/www.golaevanita.it\/index.php\/wp-json\/wp\/v2\/pages\/96\/revisions\/5723"}],"wp:attachment":[{"href":"https:\/\/www.golaevanita.it\/index.php\/wp-json\/wp\/v2\/media?parent=96"}],"curies":[{"name":"wp","href":"https:\/\/api.w.org\/{rel}","templated":true}]}}