{"id":6052,"date":"2023-11-20T17:49:00","date_gmt":"2023-11-20T16:49:00","guid":{"rendered":"https:\/\/www.golaevanita.it\/?post_type=product&#038;p=6052"},"modified":"2023-11-20T17:49:00","modified_gmt":"2023-11-20T16:49:00","slug":"distillerie-bonollo-umberto","status":"publish","type":"product","link":"https:\/\/www.golaevanita.it\/index.php\/prodotto\/distillerie-bonollo-umberto\/","title":{"rendered":"DISTILLERIE BONOLLO UMBERTO"},"content":{"rendered":"<p>L&#8217;origine e l&#8217;evoluzione aziendale \u00e8 strettamente legata alla storia della famiglia Bonollo che gi\u00e0 nella seconda met\u00e0 dell&#8217;Ottocento sulle Prealpi vicentine per passione sperimentava l&#8217;arte centenaria del far grappa.<\/p>\n<p>Le prime testimonianze dell&#8217;attivit\u00e0 professionale di distillatori datano 1908: anno a cui risale la pi\u00f9 antica denuncia di produzione di cui si ha copia e che fa riferimento a Giuseppe Bonollo, il capostipite della pi\u00f9 importante dinastia di produttori di Grappa oggi esistente.<\/p>\n<p>Umberto Bonollo, uno dei figli di Giuseppe, ha proseguito l&#8217;attivit\u00e0 di famiglia in Veneto, la pi\u00f9 importante regione italiana per tradizione e produzione di grappa.<\/p>\n<p>L&#8217;azienda, ancora saldamente in mano della famiglia, \u00e8 localizzata nella provincia di Padova con due stabilimenti: la distilleria di Conselve, in cui vengono ottenute grappe, acquaviti d&#8217;uva e brandy, e la sede di Mestrino, in cui avviene la produzione di liquori e l&#8217;imbottigliamento dei distillati aziendali, che vengono commercializzati nel mercato nazionale ed internazionale.<\/p>\n<p>Alla Bonollo la grappa resta comunque il prodotto principale. L&#8217;attuale presidente, Bruno Bonollo (nipote del fondatore) ha, infatti, cos\u00ec sintetizzato la missione aziendale: ottenere grappe caratterizzate da un&#8217;ampia e tipica gamma di aromi, ma anche contraddistinte, in bocca, da una franchezza e leggerezza per poter soddisfare le esigenze edonistiche anche dei consumatori pi\u00f9 moderni ed esigenti.<\/p>\n<p>L&#8217;esclusivo know-how produttivo sviluppato in Bonollo attraverso l&#8217;impegno, la passione e l&#8217;approccio sempre innvovativo comune a ben quattro generazioni di maestri distillatori di famiglia ha consentito di mettere a punto il Sistema Unico Bonollo (S.U.B.): un sistema produttivo che presiede alla gestione di tutte le attivit\u00e0 necessarie alla realizzazione della grappa: dalla raccolta e lo stoccaggio controllato della materia prima, finalizzato a preservarne l\u2019integrit\u00e0 aromatica, fino alla distillazione flessibile, all\u2019invecchiamento, al confezionamento ed alla valorizzazione dei sottoprodotti nel massimo rispetto dell\u2019ambiente.<\/p>\n","protected":false},"excerpt":{"rendered":"<p>L&#8217;origine e l&#8217;evoluzione aziendale \u00e8 strettamente legata alla storia della famiglia Bonollo che gi\u00e0 nella seconda met\u00e0 dell&#8217;Ottocento sulle Prealpi vicentine per passione sperimentava l&#8217;arte centenaria del far grappa. Le prime testimonianze dell&#8217;attivit\u00e0 professionale di distillatori datano 1908: anno a cui risale la pi\u00f9 antica denuncia di produzione di cui si ha copia e che [&hellip;]<\/p>\n","protected":false},"featured_media":6060,"comment_status":"open","ping_status":"closed","template":"","meta":{"site-sidebar-layout":"default","site-content-layout":"","ast-site-content-layout":"default","site-content-style":"default","site-sidebar-style":"default","ast-global-header-display":"","ast-banner-title-visibility":"","ast-main-header-display":"","ast-hfb-above-header-display":"","ast-hfb-below-header-display":"","ast-hfb-mobile-header-display":"","site-post-title":"","ast-breadcrumbs-content":"","ast-featured-img":"","footer-sml-layout":"","theme-transparent-header-meta":"default","adv-header-id-meta":"","stick-header-meta":"","header-above-stick-meta":"","header-main-stick-meta":"","header-below-stick-meta":"","astra-migrate-meta-layouts":"set","ast-page-background-enabled":"default","ast-page-background-meta":{"desktop":{"background-color":"","background-image":"","background-repeat":"repeat","background-position":"center center","background-size":"auto","background-attachment":"scroll","background-type":"","background-media":"","overlay-type":"","overlay-color":"","overlay-opacity":"","overlay-gradient":""},"tablet":{"background-color":"","background-image":"","background-repeat":"repeat","background-position":"center center","background-size":"auto","background-attachment":"scroll","background-type":"","background-media":"","overlay-type":"","overlay-color":"","overlay-opacity":"","overlay-gradient":""},"mobile":{"background-color":"","background-image":"","background-repeat":"repeat","background-position":"center center","background-size":"auto","background-attachment":"scroll","background-type":"","background-media":"","overlay-type":"","overlay-color":"","overlay-opacity":"","overlay-gradient":""}},"ast-content-background-meta":{"desktop":{"background-color":"var(--ast-global-color-5)","background-image":"","background-repeat":"repeat","background-position":"center center","background-size":"auto","background-attachment":"scroll","background-type":"","background-media":"","overlay-type":"","overlay-color":"","overlay-opacity":"","overlay-gradient":""},"tablet":{"background-color":"var(--ast-global-color-5)","background-image":"","background-repeat":"repeat","background-position":"center center","background-size":"auto","background-attachment":"scroll","background-type":"","background-media":"","overlay-type":"","overlay-color":"","overlay-opacity":"","overlay-gradient":""},"mobile":{"background-color":"var(--ast-global-color-5)","background-image":"","background-repeat":"repeat","background-position":"center center","background-size":"auto","background-attachment":"scroll","background-type":"","background-media":"","overlay-type":"","overlay-color":"","overlay-opacity":"","overlay-gradient":""}}},"product_brand":[],"product_cat":[52],"product_tag":[],"class_list":{"0":"post-6052","1":"product","2":"type-product","3":"status-publish","4":"has-post-thumbnail","6":"product_cat-distillerie-bonollo","7":"desktop-align-center","8":"tablet-align-center","9":"mobile-align-center","11":"first","12":"instock","13":"sale","14":"taxable","15":"shipping-taxable","16":"purchasable","17":"product-type-variable"},"jetpack_sharing_enabled":true,"_links":{"self":[{"href":"https:\/\/www.golaevanita.it\/index.php\/wp-json\/wp\/v2\/product\/6052","targetHints":{"allow":["GET"]}}],"collection":[{"href":"https:\/\/www.golaevanita.it\/index.php\/wp-json\/wp\/v2\/product"}],"about":[{"href":"https:\/\/www.golaevanita.it\/index.php\/wp-json\/wp\/v2\/types\/product"}],"replies":[{"embeddable":true,"href":"https:\/\/www.golaevanita.it\/index.php\/wp-json\/wp\/v2\/comments?post=6052"}],"wp:featuredmedia":[{"embeddable":true,"href":"https:\/\/www.golaevanita.it\/index.php\/wp-json\/wp\/v2\/media\/6060"}],"wp:attachment":[{"href":"https:\/\/www.golaevanita.it\/index.php\/wp-json\/wp\/v2\/media?parent=6052"}],"wp:term":[{"taxonomy":"product_brand","embeddable":true,"href":"https:\/\/www.golaevanita.it\/index.php\/wp-json\/wp\/v2\/product_brand?post=6052"},{"taxonomy":"product_cat","embeddable":true,"href":"https:\/\/www.golaevanita.it\/index.php\/wp-json\/wp\/v2\/product_cat?post=6052"},{"taxonomy":"product_tag","embeddable":true,"href":"https:\/\/www.golaevanita.it\/index.php\/wp-json\/wp\/v2\/product_tag?post=6052"}],"curies":[{"name":"wp","href":"https:\/\/api.w.org\/{rel}","templated":true}]}}