{"id":6101,"date":"2023-11-21T12:27:26","date_gmt":"2023-11-21T11:27:26","guid":{"rendered":"https:\/\/www.golaevanita.it\/?post_type=product&#038;p=6101"},"modified":"2023-11-21T12:27:26","modified_gmt":"2023-11-21T11:27:26","slug":"scatole-praline-lindt-sprungli","status":"publish","type":"product","link":"https:\/\/www.golaevanita.it\/index.php\/prodotto\/scatole-praline-lindt-sprungli\/","title":{"rendered":"SCATOLE PRALINE LINDT &amp; SPRUNGLI"},"content":{"rendered":"<p>La Lindt &amp; Spr\u00fcngli \u00e8 un&#8217;azienda multinazionale svizzera specializzata nel settore della produzione e vendita di prodotti dolciari e nella produzione di cioccolato di lusso. \u00c8 stata fondata nel 1845 a Zurigo da David Spr\u00fcngli-Schwarz e da suo figlio Rudolf Spr\u00fcngli-Ammann.<\/p>\n","protected":false},"excerpt":{"rendered":"<p>La Lindt &amp; Spr\u00fcngli \u00e8 un&#8217;azienda multinazionale svizzera specializzata nel settore della produzione e vendita di prodotti dolciari e nella produzione di cioccolato di lusso. \u00c8 stata fondata nel 1845 a Zurigo da David Spr\u00fcngli-Schwarz e da suo figlio Rudolf Spr\u00fcngli-Ammann.<\/p>\n","protected":false},"featured_media":6102,"comment_status":"open","ping_status":"closed","template":"","meta":{"site-sidebar-layout":"default","site-content-layout":"","ast-site-content-layout":"default","site-content-style":"default","site-sidebar-style":"default","ast-global-header-display":"","ast-banner-title-visibility":"","ast-main-header-display":"","ast-hfb-above-header-display":"","ast-hfb-below-header-display":"","ast-hfb-mobile-header-display":"","site-post-title":"","ast-breadcrumbs-content":"","ast-featured-img":"","footer-sml-layout":"","theme-transparent-header-meta":"default","adv-header-id-meta":"","stick-header-meta":"","header-above-stick-meta":"","header-main-stick-meta":"","header-below-stick-meta":"","astra-migrate-meta-layouts":"set","ast-page-background-enabled":"default","ast-page-background-meta":{"desktop":{"background-color":"","background-image":"","background-repeat":"repeat","background-position":"center center","background-size":"auto","background-attachment":"scroll","background-type":"","background-media":"","overlay-type":"","overlay-color":"","overlay-opacity":"","overlay-gradient":""},"tablet":{"background-color":"","background-image":"","background-repeat":"repeat","background-position":"center center","background-size":"auto","background-attachment":"scroll","background-type":"","background-media":"","overlay-type":"","overlay-color":"","overlay-opacity":"","overlay-gradient":""},"mobile":{"background-color":"","background-image":"","background-repeat":"repeat","background-position":"center center","background-size":"auto","background-attachment":"scroll","background-type":"","background-media":"","overlay-type":"","overlay-color":"","overlay-opacity":"","overlay-gradient":""}},"ast-content-background-meta":{"desktop":{"background-color":"var(--ast-global-color-5)","background-image":"","background-repeat":"repeat","background-position":"center center","background-size":"auto","background-attachment":"scroll","background-type":"","background-media":"","overlay-type":"","overlay-color":"","overlay-opacity":"","overlay-gradient":""},"tablet":{"background-color":"var(--ast-global-color-5)","background-image":"","background-repeat":"repeat","background-position":"center center","background-size":"auto","background-attachment":"scroll","background-type":"","background-media":"","overlay-type":"","overlay-color":"","overlay-opacity":"","overlay-gradient":""},"mobile":{"background-color":"var(--ast-global-color-5)","background-image":"","background-repeat":"repeat","background-position":"center center","background-size":"auto","background-attachment":"scroll","background-type":"","background-media":"","overlay-type":"","overlay-color":"","overlay-opacity":"","overlay-gradient":""}}},"product_brand":[],"product_cat":[40],"product_tag":[],"class_list":{"0":"post-6101","1":"product","2":"type-product","3":"status-publish","4":"has-post-thumbnail","6":"product_cat-lindt","7":"desktop-align-center","8":"tablet-align-center","9":"mobile-align-center","11":"first","12":"instock","13":"sale","14":"taxable","15":"shipping-taxable","16":"purchasable","17":"product-type-variable"},"jetpack_sharing_enabled":true,"_links":{"self":[{"href":"https:\/\/www.golaevanita.it\/index.php\/wp-json\/wp\/v2\/product\/6101","targetHints":{"allow":["GET"]}}],"collection":[{"href":"https:\/\/www.golaevanita.it\/index.php\/wp-json\/wp\/v2\/product"}],"about":[{"href":"https:\/\/www.golaevanita.it\/index.php\/wp-json\/wp\/v2\/types\/product"}],"replies":[{"embeddable":true,"href":"https:\/\/www.golaevanita.it\/index.php\/wp-json\/wp\/v2\/comments?post=6101"}],"wp:featuredmedia":[{"embeddable":true,"href":"https:\/\/www.golaevanita.it\/index.php\/wp-json\/wp\/v2\/media\/6102"}],"wp:attachment":[{"href":"https:\/\/www.golaevanita.it\/index.php\/wp-json\/wp\/v2\/media?parent=6101"}],"wp:term":[{"taxonomy":"product_brand","embeddable":true,"href":"https:\/\/www.golaevanita.it\/index.php\/wp-json\/wp\/v2\/product_brand?post=6101"},{"taxonomy":"product_cat","embeddable":true,"href":"https:\/\/www.golaevanita.it\/index.php\/wp-json\/wp\/v2\/product_cat?post=6101"},{"taxonomy":"product_tag","embeddable":true,"href":"https:\/\/www.golaevanita.it\/index.php\/wp-json\/wp\/v2\/product_tag?post=6101"}],"curies":[{"name":"wp","href":"https:\/\/api.w.org\/{rel}","templated":true}]}}